{"id":4821,"date":"2014-10-26T07:12:22","date_gmt":"2014-10-26T06:12:22","guid":{"rendered":"http:\/\/fundaciocmjgodo.cat\/origens\/"},"modified":"2017-02-17T14:27:38","modified_gmt":"2017-02-17T13:27:38","slug":"origenes","status":"publish","type":"page","link":"https:\/\/fundaciocmjgodo.cat\/es\/origenes\/","title":{"rendered":"Or\u00edgenes"},"content":{"rendered":"<div class=\"wpb-content-wrapper\"><p>[vc_row padding_top=\u00bb90&#8243; padding_bottom=\u00bb90&#8243;][vc_column][vc_row_inner][vc_column_inner width=\u00bb1\/6&#8243;][\/vc_column_inner][vc_column_inner width=\u00bb1\/6&#8243;][\/vc_column_inner][vc_column_inner width=\u00bb1\/6&#8243;]<div class=\"grve-element grve-image grve-align-center\" style=\"\"><img loading=\"lazy\" decoding=\"async\" width=\"300\" height=\"300\" src=\"https:\/\/fundaciocmjgodo.cat\/wp-content\/uploads\/germanes-godo-1.png\" class=\"attachment-full size-full\" alt=\"\" srcset=\"https:\/\/fundaciocmjgodo.cat\/wp-content\/uploads\/germanes-godo-1.png 300w, https:\/\/fundaciocmjgodo.cat\/wp-content\/uploads\/germanes-godo-1-150x150.png 150w, https:\/\/fundaciocmjgodo.cat\/wp-content\/uploads\/germanes-godo-1-80x80.png 80w\" sizes=\"auto, (max-width: 300px) 100vw, 300px\" \/><\/div>[\/vc_column_inner][vc_column_inner width=\u00bb1\/6&#8243;]<div class=\"grve-element grve-image grve-align-center\" style=\"\"><img loading=\"lazy\" decoding=\"async\" width=\"300\" height=\"300\" src=\"https:\/\/fundaciocmjgodo.cat\/wp-content\/uploads\/germanes-godo-2.png\" class=\"attachment-full size-full\" alt=\"\" srcset=\"https:\/\/fundaciocmjgodo.cat\/wp-content\/uploads\/germanes-godo-2.png 300w, https:\/\/fundaciocmjgodo.cat\/wp-content\/uploads\/germanes-godo-2-150x150.png 150w, https:\/\/fundaciocmjgodo.cat\/wp-content\/uploads\/germanes-godo-2-80x80.png 80w\" sizes=\"auto, (max-width: 300px) 100vw, 300px\" \/><\/div>[\/vc_column_inner][vc_column_inner width=\u00bb1\/6&#8243;][\/vc_column_inner][vc_column_inner width=\u00bb1\/6&#8243;][\/vc_column_inner][\/vc_row_inner][vc_row_inner css=\u00bb.vc_custom_1468835075838{padding-top: 60px !important;}\u00bb][vc_column_inner][vc_column_text text_style=\u00bbleader-text\u00bb]<\/p>\n<p style=\"text-align: center;\">Carmen\u00a0y Mar\u00eda Jos\u00e9 God\u00f3 i Salsas, solteras y sin descendencia, legaron su herencia la Fundaci\u00f3n, que constituyeron en 1984 y que tiene como objetivos la financiaci\u00f3n de proyectos y apoyo a las personas en situaci\u00f3n de riesgo de exclusi\u00f3n social.<\/p>\n<p>[\/vc_column_text][\/vc_column_inner][\/vc_row_inner][\/vc_column][\/vc_row][vc_row margin_bottom=\u00bb0&#8243;][vc_column]<div class=\"grve-element grve-hr grve-line-divider\" style=\"\"><\/div>[\/vc_column][\/vc_row][vc_row padding_top=\u00bb90&#8243;][vc_column][vc_custom_heading text=\u00bbFamilia igualadina de tradici\u00f3n fabril\u00bb font_container=\u00bbtag:h2|font_size:18|text_align:left\u00bb google_fonts=\u00bbfont_family:Open%20Sans%3A300%2C300italic%2Cregular%2Citalic%2C600%2C600italic%2C700%2C700italic%2C800%2C800italic|font_style:600%20bold%20regular%3A600%3Anormal\u00bb][vc_empty_space height=\u00bb30px\u00bb][\/vc_column][vc_column width=\u00bb1\/2&#8243; css=\u00bb.vc_custom_1416056440048{padding-right: 30px !important;}\u00bb][vc_column_text]Las fundadoras de la Fundaci\u00f3n Carmen y Mar\u00eda Jos\u00e9 God\u00f3, Carmen y Mar\u00eda Jos\u00e9 God\u00f3 i Salsas, pertenecen a una notable familia igualadina de tradici\u00f3n fabril. Sus or\u00edgenes se remontan al siglo XVIII. Ramon God\u00f3, nacido en Valldelou (la Llitera) y pelaire de oficio, es el primer miembro de la familia del cual tenemos constancia. El hijo de \u00e9ste, Ramon God\u00f3 Mas, deja su pueblo natal, como tantos j\u00f3venes de su \u00e9poca, para buscar un futuro mejor en pleno inicio de la Revoluci\u00f3n Industrial.[\/vc_column_text][\/vc_column][vc_column width=\u00bb1\/2&#8243;][vc_column_text]Se establece en la capital de la Anoia, donde, con sus conocimientos del hilo y la lana familiares, prospera como tejedor. Dos de los hijos de Ramon God\u00f3 Mas, Oleguer God\u00f3 i Domingo y Antoni God\u00f3 i Domingo, tendr\u00e1n un papel relevante en Igualada. Antoni God\u00f3, por ejemplo, es el patriarca de la familia de fabricantes, editores y pol\u00edticos que fundan el peri\u00f3dico La Vanguardia y en 1916 son titulador condes de God\u00f3.[\/vc_column_text][\/vc_column][\/vc_row][vc_row padding_top=\u00bb50&#8243;][vc_column][vc_custom_heading text=\u00bbLa Quadra de Ca l&#8217;Oleguer\u00bb font_container=\u00bbtag:h2|font_size:18|text_align:left\u00bb google_fonts=\u00bbfont_family:Open%20Sans%3A300%2C300italic%2Cregular%2Citalic%2C600%2C600italic%2C700%2C700italic%2C800%2C800italic|font_style:600%20bold%20regular%3A600%3Anormal\u00bb][vc_empty_space height=\u00bb30px\u00bb][\/vc_column][vc_column width=\u00bb1\/2&#8243; css=\u00bb.vc_custom_1416056440048{padding-right: 30px !important;}\u00bb][vc_column_text]Oleguer God\u00f3 i Domingo funda el a\u00f1o 1790 un importante negocio textil, la \u201cQuadra de Ca l\u2019Oleguer\u201d, clave en el proceso de industrializaci\u00f3n de Igualda, mientras que su hijo y heredero, Oleguer God\u00f3 i Castelltort, participa en 1843 en la fundaci\u00f3n de la Compa\u00f1\u00eda Fabril Igualadina junto con su primo Ramon God\u00f3 i Lluci\u00e0. Pero ser\u00e1 la Quadra de Ca l\u2019Oleguer, ubicada en la calle Clos d\u2019Igualda y dedicada al tejido de algod\u00f3n, la que dar\u00e1 prestigio y renombre a la familia.[\/vc_column_text][\/vc_column][vc_column width=\u00bb1\/2&#8243;][vc_column_text]Oleguer God\u00f3 i Castelltort, un aut\u00e9ntico capit\u00e1n de industria del siglo XIX, es uno de los patricios de la ciudad, con un papel destacado en la fundaci\u00f3n de la escuela de ni\u00f1as de las Escol\u00e0pies d\u2019Igualada, gracias a su encuentro en un viaje a Matar\u00f3 con Santa Paula de Montalt, fundadora de la Congregaci\u00f3 de Filles de Maria. Despu\u00e9s de la muerte de Oleguer God\u00f3 i Castelltort en el a\u00f1o 1856, le sucede al frente de los negocios su hijo, Pere God\u00f3 i Fargas, que morir\u00e1 tan s\u00f3lo diez a\u00f1os despu\u00e9s. [\/vc_column_text][\/vc_column][\/vc_row][vc_row padding_top=\u00bb50&#8243;][vc_column][vc_custom_heading text=\u00bbOleguer God\u00f3 i Barral\u00bb font_container=\u00bbtag:h2|font_size:18|text_align:left\u00bb google_fonts=\u00bbfont_family:Open%20Sans%3A300%2C300italic%2Cregular%2Citalic%2C600%2C600italic%2C700%2C700italic%2C800%2C800italic|font_style:600%20bold%20regular%3A600%3Anormal\u00bb][vc_empty_space height=\u00bb30px\u00bb][\/vc_column][vc_column width=\u00bb1\/2&#8243; css=\u00bb.vc_custom_1416056440048{padding-right: 30px !important;}\u00bb][vc_column_text]El gran protagonista del desarrollo de la f\u00e1brica familiar y de su modernizaci\u00f3n es Oleguer God\u00f3 i Barral, nieto de Oleguer God\u00f3 i Castelltort y nacido el a\u00f1o 1859. Impulsor de la mecanizaci\u00f3n de la industria y de los viajes por distintas regiones espa\u00f1olas para la venta de sus tejidos, Oleguer God\u00f3 i Barral tambi\u00e9n tuvo un papel destacado en la vida social y pol\u00edtica de Igualada.[\/vc_column_text][\/vc_column][vc_column width=\u00bb1\/2&#8243;][vc_column_text]Socio del Ateneu Igualad\u00ed, fundador y presidente del Orfe\u00f3 del Nova, concejal del Ayuntamiento de Igualada (1896-1897), todo ello le convierte en un miembro destacado de la burgues\u00eda din\u00e1mica y creadora de entre dos siglos.[\/vc_column_text][\/vc_column][\/vc_row][vc_row padding_top=\u00bb50&#8243;][vc_column][vc_custom_heading text=\u00bbOleguer God\u00f3 i Biosca\u00bb font_container=\u00bbtag:h2|font_size:18|text_align:left\u00bb google_fonts=\u00bbfont_family:Open%20Sans%3A300%2C300italic%2Cregular%2Citalic%2C600%2C600italic%2C700%2C700italic%2C800%2C800italic|font_style:600%20bold%20regular%3A600%3Anormal\u00bb][vc_empty_space height=\u00bb30px\u00bb][\/vc_column][vc_column width=\u00bb1\/2&#8243; css=\u00bb.vc_custom_1416056440048{padding-right: 30px !important;}\u00bb][vc_column_text]El hijo de Oleguer God\u00f3 i Barral, el joven heredero Oleguer God\u00f3 i Biosca, se prepara en la Escuela Industrial de Barcelona, fundada por la Mancomunidad de Catalu\u00f1a para transformarse en el futuro responsable de la hist\u00f3rica f\u00e1brica familiar. Mientras tanto, su padre no s\u00f3lo ampl\u00eda y moderniza la Quadra de Ca l\u2019Oleguer, sino que diversifica el negocio familiar, abriendo nuevos negocios como las f\u00e1bricas \u201cGuantes Rex S.A.\u201d, y \u201cCurtidos Riba Guix\u00e1 S.A.\u201d, \u201cOlegario God\u00f3, sucesor de Arturo Stenger, S.A.\u201d (posteriormente \u201cTejidos Marati, S.A.\u201d) dedicada al g\u00e9nero de punto.[\/vc_column_text][\/vc_column][vc_column width=\u00bb1\/2&#8243;][vc_column_text]As\u00ed mismo, abre nuevas f\u00e1bricas en Caldes de Montbui (Vall\u00e8s oriental), donde participar\u00e1 en la creaci\u00f3n de la compa\u00f1\u00eda de electricidad \u201cL\u2019Electra Caldense S.A.\u201d, en Llucena (L\u2019Alcalat\u00e9n) donde se hace cargo de la \u201cElectro-T\u00e9xtil S.A.\u201d, y participar\u00e1 en la fundaci\u00f3n de la compa\u00f1\u00eda de aguas \u201cAigua de Rigat, S.A.\u201d, en Igualada.[\/vc_column_text][\/vc_column][\/vc_row][vc_row padding_top=\u00bb50&#8243;][vc_column][vc_custom_heading text=\u00bbDiversificaci\u00f3n del negocio\u00bb font_container=\u00bbtag:h2|font_size:18|text_align:left\u00bb google_fonts=\u00bbfont_family:Open%20Sans%3A300%2C300italic%2Cregular%2Citalic%2C600%2C600italic%2C700%2C700italic%2C800%2C800italic|font_style:600%20bold%20regular%3A600%3Anormal\u00bb][vc_empty_space height=\u00bb30px\u00bb][\/vc_column][vc_column width=\u00bb1\/2&#8243; css=\u00bb.vc_custom_1416056440048{padding-right: 30px !important;}\u00bb][vc_column_text]Los primeros a\u00f1os de la d\u00e9cada de 1920 est\u00e1n marcados por la conflictividad social, con huelgas y enfrentamientos entre patronos y obreros. Las huelgas tambi\u00e9n llegan a la f\u00e1bricas de la familia God\u00f3. En 1925, Oleguer God\u00f3 i Barral es elegido presidente de la Mancomunidad de Fabricantes de Tejidos de Algod\u00f3n, entidad patronal fundada en 1919. Oleguer God\u00f3 i Barral muere el junio de 1939, pocas semanas despu\u00e9s de volver a Barcelona, donde sus f\u00e1bricas han sufrido los estragos de la guerra. [\/vc_column_text][\/vc_column][vc_column width=\u00bb1\/2&#8243;][vc_column_text]Oleguer God\u00f3 i Biosca se hace cargo de de la sociedad \u201cOlegario God\u00f3, S.A.\u201d y reconstruye el negocio familiar. Pronto se convierte en un importante empresario y financiero a remolque de Barcelona y Madrid, en un momento marcado por las consecuencias econ\u00f3micas de la posguerra y del r\u00e9gimen franquista. [\/vc_column_text][\/vc_column][\/vc_row][vc_row padding_top=\u00bb50&#8243; padding_bottom=\u00bb90&#8243;][vc_column width=\u00bb1\/4&#8243;]<div class=\"grve-element grve-image grve-align-center\" style=\"\"><img loading=\"lazy\" decoding=\"async\" width=\"1132\" height=\"1592\" src=\"https:\/\/fundaciocmjgodo.cat\/wp-content\/uploads\/MG_2246-1.jpg\" class=\"attachment-full size-full\" alt=\"\" srcset=\"https:\/\/fundaciocmjgodo.cat\/wp-content\/uploads\/MG_2246-1.jpg 1132w, https:\/\/fundaciocmjgodo.cat\/wp-content\/uploads\/MG_2246-1-213x300.jpg 213w, https:\/\/fundaciocmjgodo.cat\/wp-content\/uploads\/MG_2246-1-768x1080.jpg 768w, https:\/\/fundaciocmjgodo.cat\/wp-content\/uploads\/MG_2246-1-728x1024.jpg 728w\" sizes=\"auto, (max-width: 1132px) 100vw, 1132px\" \/><\/div>[vc_column_text]<em>Oleguer God\u00f3 i Biosca<\/em>[\/vc_column_text][\/vc_column][vc_column width=\u00bb1\/4&#8243;]<div class=\"grve-element grve-image grve-align-center\" style=\"\"><img loading=\"lazy\" decoding=\"async\" width=\"1098\" height=\"1555\" src=\"https:\/\/fundaciocmjgodo.cat\/wp-content\/uploads\/MG_2240-1.jpg\" class=\"attachment-full size-full\" alt=\"\" srcset=\"https:\/\/fundaciocmjgodo.cat\/wp-content\/uploads\/MG_2240-1.jpg 1098w, https:\/\/fundaciocmjgodo.cat\/wp-content\/uploads\/MG_2240-1-212x300.jpg 212w, https:\/\/fundaciocmjgodo.cat\/wp-content\/uploads\/MG_2240-1-768x1088.jpg 768w, https:\/\/fundaciocmjgodo.cat\/wp-content\/uploads\/MG_2240-1-723x1024.jpg 723w\" sizes=\"auto, (max-width: 1098px) 100vw, 1098px\" \/><\/div>[vc_column_text]<em>Carmen Salsas i Durand<\/em>[\/vc_column_text][\/vc_column][vc_column width=\u00bb1\/2&#8243;][vc_custom_heading text=\u00bbLa Fundaci\u00f3n de Carmen y Maria Jos\u00e9 God\u00f3\u00bb font_container=\u00bbtag:h2|font_size:18|text_align:left\u00bb google_fonts=\u00bbfont_family:Open%20Sans%3A300%2C300italic%2Cregular%2Citalic%2C600%2C600italic%2C700%2C700italic%2C800%2C800italic|font_style:600%20bold%20regular%3A600%3Anormal\u00bb][vc_empty_space height=\u00bb30px\u00bb][vc_column_text]Oleguer God\u00f3 i Biosca muere en\u00a01960. Casado con\u00a0Carmen Salsas i Durand, tiene tres hijas, Carmen, Mar\u00eda Jos\u00e9 y Mercedes. Las dos\u00a0primeras, solteras y sin\u00a0descendencia, al morir legaron\u00a0su herencia\u00a0a la Fundaci\u00f3n que previamente han constituido (1984) y que tiene\u00a0como objetivo el financiamiento de proyectos\u00a0y la ayuda a personas en riesgo de exclusi\u00f3n social por diferentes causas.[\/vc_column_text][\/vc_column][\/vc_row][vc_row bg_type=\u00bbcolor\u00bb footer_feature=\u00bbyes\u00bb padding_top=\u00bb80px\u00bb padding_bottom=\u00bb80px\u00bb bg_color=\u00bb#d8d8d8&#8243;][vc_column width=\u00bb1\/4&#8243;][\/vc_column][vc_column width=\u00bb1\/4&#8243;][vc_row_inner][vc_column_inner width=\u00bb1\/3&#8243;][\/vc_column_inner][vc_column_inner width=\u00bb2\/3&#8243;]<div class=\"grve-element grve-image grve-align-center\" style=\"\"><img loading=\"lazy\" decoding=\"async\" width=\"250\" height=\"354\" src=\"https:\/\/fundaciocmjgodo.cat\/wp-content\/uploads\/PortadaLlibreOleguerGodoWeb-small.jpg\" class=\"attachment-full size-full\" alt=\"\" srcset=\"https:\/\/fundaciocmjgodo.cat\/wp-content\/uploads\/PortadaLlibreOleguerGodoWeb-small.jpg 250w, https:\/\/fundaciocmjgodo.cat\/wp-content\/uploads\/PortadaLlibreOleguerGodoWeb-small-212x300.jpg 212w\" sizes=\"auto, (max-width: 250px) 100vw, 250px\" \/><\/div>[\/vc_column_inner][\/vc_row_inner][\/vc_column][vc_column width=\u00bb1\/4&#8243;]<h6 class=\"grve-element grve-align-left grve-title-no-line grve-h6\" style=\"\"><span>LIBRO<\/span><\/h6><h4 class=\"grve-element grve-align-left grve-title-no-line grve-h4\" style=\"\"><span>Els Or\u00edgens de la Fundaci\u00f3 CMJ Godo<\/span><\/h4>[vc_empty_space height=\u00bb20px\u00bb]<div class=\"grve-element grve-align-left\"><a class=\"grve-btn grve-btn-medium grve-square grve-bg-primary-1 grve-btn-line\" href=\"http:\/\/fundaciocmjgodo.cat\/wp-content\/uploads\/OleguerGodoBAIXA.pdf\" target=\"_blank\" style=\"\"><span>Descargar<\/span><\/a><\/div>[\/vc_column][vc_column width=\u00bb1\/4&#8243;][\/vc_column][\/vc_row]<\/p>\n<\/div>","protected":false},"excerpt":{"rendered":"<p>[vc_row padding_top=\u00bb90&#8243; padding_bottom=\u00bb90&#8243;][vc_column][vc_row_inner][vc_column_inner width=\u00bb1\/6&#8243;][\/vc_column_inner][vc_column_inner width=\u00bb1\/6&#8243;][\/vc_column_inner][vc_column_inner width=\u00bb1\/6&#8243;][\/vc_column_inner][vc_column_inner width=\u00bb1\/6&#8243;][\/vc_column_inner][vc_column_inner width=\u00bb1\/6&#8243;][\/vc_column_inner][vc_column_inner width=\u00bb1\/6&#8243;][\/vc_column_inner][\/vc_row_inner][vc_row_inner css=\u00bb.vc_custom_1468835075838{padding-top: 60px !important;}\u00bb][vc_column_inner][vc_column_text text_style=\u00bbleader-text\u00bb] Carmen\u00a0y Mar\u00eda Jos\u00e9 God\u00f3 i Salsas, solteras y sin descendencia, legaron su herencia la Fundaci\u00f3n, que constituyeron en 1984 y que tiene como objetivos la financiaci\u00f3n de proyectos y apoyo a las personas en situaci\u00f3n de riesgo de exclusi\u00f3n social. [\/vc_column_text][\/vc_column_inner][\/vc_row_inner][\/vc_column][\/vc_row][vc_row margin_bottom=\u00bb0&#8243;][vc_column][\/vc_column][\/vc_row][vc_row [&hellip;]<\/p>\n","protected":false},"author":3,"featured_media":0,"parent":0,"menu_order":0,"comment_status":"open","ping_status":"open","template":"","meta":{"footnotes":""},"class_list":["post-4821","page","type-page","status-publish","hentry"],"yoast_head":"<!-- This site is optimized with the Yoast SEO plugin v27.4 - https:\/\/yoast.com\/product\/yoast-seo-wordpress\/ -->\n<title>Or\u00edgenes - Fundaci\u00f3 CMJ God\u00f3<\/title>\n<meta name=\"robots\" content=\"index, follow, max-snippet:-1, max-image-preview:large, max-video-preview:-1\" \/>\n<link rel=\"canonical\" href=\"https:\/\/fundaciocmjgodo.cat\/es\/origenes\/\" \/>\n<meta property=\"og:locale\" content=\"es_ES\" \/>\n<meta property=\"og:type\" content=\"article\" \/>\n<meta property=\"og:title\" content=\"Or\u00edgenes - Fundaci\u00f3 CMJ God\u00f3\" \/>\n<meta property=\"og:description\" content=\"[vc_row padding_top=\u00bb90&#8243; padding_bottom=\u00bb90&#8243;][vc_column][vc_row_inner][vc_column_inner width=\u00bb1\/6&#8243;][\/vc_column_inner][vc_column_inner width=\u00bb1\/6&#8243;][\/vc_column_inner][vc_column_inner width=\u00bb1\/6&#8243;][\/vc_column_inner][vc_column_inner width=\u00bb1\/6&#8243;][\/vc_column_inner][vc_column_inner width=\u00bb1\/6&#8243;][\/vc_column_inner][vc_column_inner width=\u00bb1\/6&#8243;][\/vc_column_inner][\/vc_row_inner][vc_row_inner css=\u00bb.vc_custom_1468835075838{padding-top: 60px !important;}\u00bb][vc_column_inner][vc_column_text text_style=\u00bbleader-text\u00bb] Carmen\u00a0y Mar\u00eda Jos\u00e9 God\u00f3 i Salsas, solteras y sin descendencia, legaron su herencia la Fundaci\u00f3n, que constituyeron en 1984 y que tiene como objetivos la financiaci\u00f3n de proyectos y apoyo a las personas en situaci\u00f3n de riesgo de exclusi\u00f3n social. [\/vc_column_text][\/vc_column_inner][\/vc_row_inner][\/vc_column][\/vc_row][vc_row margin_bottom=\u00bb0&#8243;][vc_column][\/vc_column][\/vc_row][vc_row [&hellip;]\" \/>\n<meta property=\"og:url\" content=\"https:\/\/fundaciocmjgodo.cat\/es\/origenes\/\" \/>\n<meta property=\"og:site_name\" content=\"Fundaci\u00f3 CMJ God\u00f3\" \/>\n<meta property=\"article:modified_time\" content=\"2017-02-17T13:27:38+00:00\" \/>\n<meta name=\"twitter:card\" content=\"summary_large_image\" \/>\n<meta name=\"twitter:label1\" content=\"Tiempo de lectura\" \/>\n\t<meta name=\"twitter:data1\" content=\"8 minutos\" \/>\n<script type=\"application\/ld+json\" class=\"yoast-schema-graph\">{\"@context\":\"https:\\\/\\\/schema.org\",\"@graph\":[{\"@type\":\"WebPage\",\"@id\":\"https:\\\/\\\/fundaciocmjgodo.cat\\\/es\\\/origenes\\\/\",\"url\":\"https:\\\/\\\/fundaciocmjgodo.cat\\\/es\\\/origenes\\\/\",\"name\":\"Or\u00edgenes - Fundaci\u00f3 CMJ God\u00f3\",\"isPartOf\":{\"@id\":\"https:\\\/\\\/fundaciocmjgodo.cat\\\/#website\"},\"datePublished\":\"2014-10-26T06:12:22+00:00\",\"dateModified\":\"2017-02-17T13:27:38+00:00\",\"breadcrumb\":{\"@id\":\"https:\\\/\\\/fundaciocmjgodo.cat\\\/es\\\/origenes\\\/#breadcrumb\"},\"inLanguage\":\"es\",\"potentialAction\":[{\"@type\":\"ReadAction\",\"target\":[\"https:\\\/\\\/fundaciocmjgodo.cat\\\/es\\\/origenes\\\/\"]}]},{\"@type\":\"BreadcrumbList\",\"@id\":\"https:\\\/\\\/fundaciocmjgodo.cat\\\/es\\\/origenes\\\/#breadcrumb\",\"itemListElement\":[{\"@type\":\"ListItem\",\"position\":1,\"name\":\"Inici\",\"item\":\"https:\\\/\\\/fundaciocmjgodo.cat\\\/es\\\/inici\\\/\"},{\"@type\":\"ListItem\",\"position\":2,\"name\":\"Or\u00edgenes\"}]},{\"@type\":\"WebSite\",\"@id\":\"https:\\\/\\\/fundaciocmjgodo.cat\\\/#website\",\"url\":\"https:\\\/\\\/fundaciocmjgodo.cat\\\/\",\"name\":\"Fundaci\u00f3 CMJ God\u00f3\",\"description\":\"\",\"publisher\":{\"@id\":\"https:\\\/\\\/fundaciocmjgodo.cat\\\/#organization\"},\"potentialAction\":[{\"@type\":\"SearchAction\",\"target\":{\"@type\":\"EntryPoint\",\"urlTemplate\":\"https:\\\/\\\/fundaciocmjgodo.cat\\\/?s={search_term_string}\"},\"query-input\":{\"@type\":\"PropertyValueSpecification\",\"valueRequired\":true,\"valueName\":\"search_term_string\"}}],\"inLanguage\":\"es\"},{\"@type\":\"Organization\",\"@id\":\"https:\\\/\\\/fundaciocmjgodo.cat\\\/#organization\",\"name\":\"Fundaci\u00f3 CMJ God\u00f3\",\"url\":\"https:\\\/\\\/fundaciocmjgodo.cat\\\/\",\"logo\":{\"@type\":\"ImageObject\",\"inLanguage\":\"es\",\"@id\":\"https:\\\/\\\/fundaciocmjgodo.cat\\\/#\\\/schema\\\/logo\\\/image\\\/\",\"url\":\"https:\\\/\\\/fundaciocmjgodo.cat\\\/wp-content\\\/uploads\\\/Logo-RGB-web.jpg\",\"contentUrl\":\"https:\\\/\\\/fundaciocmjgodo.cat\\\/wp-content\\\/uploads\\\/Logo-RGB-web.jpg\",\"width\":2000,\"height\":2000,\"caption\":\"Fundaci\u00f3 CMJ God\u00f3\"},\"image\":{\"@id\":\"https:\\\/\\\/fundaciocmjgodo.cat\\\/#\\\/schema\\\/logo\\\/image\\\/\"}}]}<\/script>\n<!-- \/ Yoast SEO plugin. -->","yoast_head_json":{"title":"Or\u00edgenes - Fundaci\u00f3 CMJ God\u00f3","robots":{"index":"index","follow":"follow","max-snippet":"max-snippet:-1","max-image-preview":"max-image-preview:large","max-video-preview":"max-video-preview:-1"},"canonical":"https:\/\/fundaciocmjgodo.cat\/es\/origenes\/","og_locale":"es_ES","og_type":"article","og_title":"Or\u00edgenes - Fundaci\u00f3 CMJ God\u00f3","og_description":"[vc_row padding_top=\u00bb90&#8243; padding_bottom=\u00bb90&#8243;][vc_column][vc_row_inner][vc_column_inner width=\u00bb1\/6&#8243;][\/vc_column_inner][vc_column_inner width=\u00bb1\/6&#8243;][\/vc_column_inner][vc_column_inner width=\u00bb1\/6&#8243;][\/vc_column_inner][vc_column_inner width=\u00bb1\/6&#8243;][\/vc_column_inner][vc_column_inner width=\u00bb1\/6&#8243;][\/vc_column_inner][vc_column_inner width=\u00bb1\/6&#8243;][\/vc_column_inner][\/vc_row_inner][vc_row_inner css=\u00bb.vc_custom_1468835075838{padding-top: 60px !important;}\u00bb][vc_column_inner][vc_column_text text_style=\u00bbleader-text\u00bb] Carmen\u00a0y Mar\u00eda Jos\u00e9 God\u00f3 i Salsas, solteras y sin descendencia, legaron su herencia la Fundaci\u00f3n, que constituyeron en 1984 y que tiene como objetivos la financiaci\u00f3n de proyectos y apoyo a las personas en situaci\u00f3n de riesgo de exclusi\u00f3n social. [\/vc_column_text][\/vc_column_inner][\/vc_row_inner][\/vc_column][\/vc_row][vc_row margin_bottom=\u00bb0&#8243;][vc_column][\/vc_column][\/vc_row][vc_row [&hellip;]","og_url":"https:\/\/fundaciocmjgodo.cat\/es\/origenes\/","og_site_name":"Fundaci\u00f3 CMJ God\u00f3","article_modified_time":"2017-02-17T13:27:38+00:00","twitter_card":"summary_large_image","twitter_misc":{"Tiempo de lectura":"8 minutos"},"schema":{"@context":"https:\/\/schema.org","@graph":[{"@type":"WebPage","@id":"https:\/\/fundaciocmjgodo.cat\/es\/origenes\/","url":"https:\/\/fundaciocmjgodo.cat\/es\/origenes\/","name":"Or\u00edgenes - Fundaci\u00f3 CMJ God\u00f3","isPartOf":{"@id":"https:\/\/fundaciocmjgodo.cat\/#website"},"datePublished":"2014-10-26T06:12:22+00:00","dateModified":"2017-02-17T13:27:38+00:00","breadcrumb":{"@id":"https:\/\/fundaciocmjgodo.cat\/es\/origenes\/#breadcrumb"},"inLanguage":"es","potentialAction":[{"@type":"ReadAction","target":["https:\/\/fundaciocmjgodo.cat\/es\/origenes\/"]}]},{"@type":"BreadcrumbList","@id":"https:\/\/fundaciocmjgodo.cat\/es\/origenes\/#breadcrumb","itemListElement":[{"@type":"ListItem","position":1,"name":"Inici","item":"https:\/\/fundaciocmjgodo.cat\/es\/inici\/"},{"@type":"ListItem","position":2,"name":"Or\u00edgenes"}]},{"@type":"WebSite","@id":"https:\/\/fundaciocmjgodo.cat\/#website","url":"https:\/\/fundaciocmjgodo.cat\/","name":"Fundaci\u00f3 CMJ God\u00f3","description":"","publisher":{"@id":"https:\/\/fundaciocmjgodo.cat\/#organization"},"potentialAction":[{"@type":"SearchAction","target":{"@type":"EntryPoint","urlTemplate":"https:\/\/fundaciocmjgodo.cat\/?s={search_term_string}"},"query-input":{"@type":"PropertyValueSpecification","valueRequired":true,"valueName":"search_term_string"}}],"inLanguage":"es"},{"@type":"Organization","@id":"https:\/\/fundaciocmjgodo.cat\/#organization","name":"Fundaci\u00f3 CMJ God\u00f3","url":"https:\/\/fundaciocmjgodo.cat\/","logo":{"@type":"ImageObject","inLanguage":"es","@id":"https:\/\/fundaciocmjgodo.cat\/#\/schema\/logo\/image\/","url":"https:\/\/fundaciocmjgodo.cat\/wp-content\/uploads\/Logo-RGB-web.jpg","contentUrl":"https:\/\/fundaciocmjgodo.cat\/wp-content\/uploads\/Logo-RGB-web.jpg","width":2000,"height":2000,"caption":"Fundaci\u00f3 CMJ God\u00f3"},"image":{"@id":"https:\/\/fundaciocmjgodo.cat\/#\/schema\/logo\/image\/"}}]}},"_links":{"self":[{"href":"https:\/\/fundaciocmjgodo.cat\/es\/wp-json\/wp\/v2\/pages\/4821","targetHints":{"allow":["GET"]}}],"collection":[{"href":"https:\/\/fundaciocmjgodo.cat\/es\/wp-json\/wp\/v2\/pages"}],"about":[{"href":"https:\/\/fundaciocmjgodo.cat\/es\/wp-json\/wp\/v2\/types\/page"}],"author":[{"embeddable":true,"href":"https:\/\/fundaciocmjgodo.cat\/es\/wp-json\/wp\/v2\/users\/3"}],"replies":[{"embeddable":true,"href":"https:\/\/fundaciocmjgodo.cat\/es\/wp-json\/wp\/v2\/comments?post=4821"}],"version-history":[{"count":39,"href":"https:\/\/fundaciocmjgodo.cat\/es\/wp-json\/wp\/v2\/pages\/4821\/revisions"}],"predecessor-version":[{"id":5063,"href":"https:\/\/fundaciocmjgodo.cat\/es\/wp-json\/wp\/v2\/pages\/4821\/revisions\/5063"}],"wp:attachment":[{"href":"https:\/\/fundaciocmjgodo.cat\/es\/wp-json\/wp\/v2\/media?parent=4821"}],"curies":[{"name":"wp","href":"https:\/\/api.w.org\/{rel}","templated":true}]}}