{"id":4893,"date":"2017-01-19T11:48:11","date_gmt":"2017-01-19T10:48:11","guid":{"rendered":"http:\/\/fundaciocmjgodo.cat\/mision\/"},"modified":"2019-05-10T08:57:06","modified_gmt":"2019-05-10T07:57:06","slug":"mision","status":"publish","type":"page","link":"https:\/\/fundaciocmjgodo.cat\/es\/mision\/","title":{"rendered":"Misi\u00f3n"},"content":{"rendered":"<div class=\"wpb-content-wrapper\"><p>[vc_row padding_top=\u00bb90px\u00bb padding_bottom=\u00bb90px\u00bb][vc_column][vc_column_text text_style=\u00bbleader-text\u00bb]<\/p>\n<p style=\"text-align: center;\">La Fundaci\u00f3n CMJ God\u00f3 es una entidad sin \u00e1nimo de lucro que vela por los\u00a0grupos de ni\u00f1os, j\u00f3venes y gente mayor marginados o en riesgo de exclusi\u00f3n social realizando actividades de caracteres ben\u00e9fico y social dirigidas a estos sectores.<\/p>\n<p>[\/vc_column_text][\/vc_column][\/vc_row][vc_row heading_color=\u00bblight\u00bb bg_type=\u00bbcolor\u00bb font_color=\u00bb#ffffff\u00bb padding_top=\u00bb100&#8243; bg_color=\u00bb#28282e\u00bb margin_bottom=\u00bb0&#8243; section_id=\u00bbanchor\u00bb padding_bottom=\u00bb70&#8243;][vc_column width=\u00bb1\/6&#8243;][\/vc_column][vc_column width=\u00bb2\/3&#8243;]<h2 class=\"grve-element grve-align-center grve-title-line grve-h2 grve-animated-item grve-fadeIn\" style=\"margin-bottom: 6%;\" data-delay=\"200\"><span>Nuestros objetivos<\/span><\/h2><div class=\"grve-element grve-box-icon grve-align-left\" style=\"margin-bottom: 20px;\">  <div class=\"grve-icon grve-small grve-simple grve-circle grve-bg-primary-1\">1<\/div>  <div class=\"grve-box-content\">    <p class=\"\">La promoci\u00f3n, desarrollo y ejecuci\u00f3n de proyectos en el \u00e1mbito de la protecci\u00f3n a la infancia y juventud en situaci\u00f3n de marginaci\u00f3n o riesgo.<\/p>  <\/div><\/div><div class=\"grve-element grve-box-icon grve-align-left\" style=\"margin-bottom: 20px;\">  <div class=\"grve-icon grve-small grve-simple grve-circle grve-bg-primary-1\">2<\/div>  <div class=\"grve-box-content\">    <p class=\"\">La realizaci\u00f3n, promoci\u00f3n y participaci\u00f3n en proyectos que tengan como finalidad prestar ayuda asistencia y social a la infancia y la juventud que padezcan alguna discapacidad f\u00edsica o sensorial.<\/p>  <\/div><\/div><div class=\"grve-element grve-box-icon grve-align-left\" style=\"margin-bottom: 20px;\">  <div class=\"grve-icon grve-small grve-simple grve-circle grve-bg-primary-1\">3<\/div>  <div class=\"grve-box-content\">    <p class=\"\">Colaborar con entidades p\u00fablicas y privadas sin \u00e1nimo de lucro en el \u00e1mbito de la investigaci\u00f3n de las enfermedades m\u00e1s caracter\u00edsticas de la gente mayor, incluida la concesi\u00f3n de becas y ayudas dirigidas a posibilitar la investigaci\u00f3n cient\u00edfica, y la realizaci\u00f3n de actividades asistenciales, derivadas de las mismas.<\/p>  <\/div><\/div><div class=\"grve-element grve-box-icon grve-align-left\" style=\"margin-bottom: 20px;\">  <div class=\"grve-icon grve-small grve-simple grve-circle grve-bg-primary-1\">4<\/div>  <div class=\"grve-box-content\">    <p class=\"\">La sensibilizaci\u00f3n de la consciencia social sobre los problemas de los sectores sociales marginados mencionados anteriormente, mediante la realizaci\u00f3n de conferencias as\u00ed como la edici\u00f3n y publicaci\u00f3n de materiales cient\u00edficos que se deriven de las mismas.<\/p>  <\/div><\/div>[\/vc_column][vc_column width=\u00bb1\/6&#8243;][\/vc_column][\/vc_row][vc_row bg_type=\u00bbcolor\u00bb footer_feature=\u00bbyes\u00bb padding_top=\u00bb80px\u00bb padding_bottom=\u00bb80&#8243; bg_color=\u00bb#ff6600&#8243;][vc_column]<div class=\"grve-element grve-align-center\"><a class=\"grve-btn grve-btn-extralarge grve-square grve-white-color grve-btn-line\" href=\"http:\/\/fundaciocmjgodo.cat\/wp-content\/uploads\/ESTATUTOS-F-CMJ-Godo-2019.pdf\" target=\"_blank\" style=\"\"><span>Desc\u00e1rgate nuestros estatutos<\/span><\/a><\/div>[\/vc_column][\/vc_row]<\/p>\n<\/div>","protected":false},"excerpt":{"rendered":"<p>[vc_row padding_top=\u00bb90px\u00bb padding_bottom=\u00bb90px\u00bb][vc_column][vc_column_text text_style=\u00bbleader-text\u00bb] La Fundaci\u00f3n CMJ God\u00f3 es una entidad sin \u00e1nimo de lucro que vela por los\u00a0grupos de ni\u00f1os, j\u00f3venes y gente mayor marginados o en riesgo de exclusi\u00f3n social realizando actividades de caracteres ben\u00e9fico y social dirigidas a estos sectores. [\/vc_column_text][\/vc_column][\/vc_row][vc_row heading_color=\u00bblight\u00bb bg_type=\u00bbcolor\u00bb font_color=\u00bb#ffffff\u00bb padding_top=\u00bb100&#8243; bg_color=\u00bb#28282e\u00bb margin_bottom=\u00bb0&#8243; section_id=\u00bbanchor\u00bb padding_bottom=\u00bb70&#8243;][vc_column width=\u00bb1\/6&#8243;][\/vc_column][vc_column width=\u00bb2\/3&#8243;][\/vc_column][vc_column width=\u00bb1\/6&#8243;][\/vc_column][\/vc_row][vc_row [&hellip;]<\/p>\n","protected":false},"author":3,"featured_media":0,"parent":0,"menu_order":0,"comment_status":"open","ping_status":"open","template":"","meta":{"footnotes":""},"class_list":["post-4893","page","type-page","status-publish","hentry"],"yoast_head":"<!-- This site is optimized with the Yoast SEO plugin v27.4 - https:\/\/yoast.com\/product\/yoast-seo-wordpress\/ -->\n<title>Misi\u00f3n - Fundaci\u00f3 CMJ God\u00f3<\/title>\n<meta name=\"robots\" content=\"index, follow, max-snippet:-1, max-image-preview:large, max-video-preview:-1\" \/>\n<link rel=\"canonical\" href=\"https:\/\/fundaciocmjgodo.cat\/es\/mision\/\" \/>\n<meta property=\"og:locale\" content=\"es_ES\" \/>\n<meta property=\"og:type\" content=\"article\" \/>\n<meta property=\"og:title\" content=\"Misi\u00f3n - Fundaci\u00f3 CMJ God\u00f3\" \/>\n<meta property=\"og:description\" content=\"[vc_row padding_top=\u00bb90px\u00bb padding_bottom=\u00bb90px\u00bb][vc_column][vc_column_text text_style=\u00bbleader-text\u00bb] La Fundaci\u00f3n CMJ God\u00f3 es una entidad sin \u00e1nimo de lucro que vela por los\u00a0grupos de ni\u00f1os, j\u00f3venes y gente mayor marginados o en riesgo de exclusi\u00f3n social realizando actividades de caracteres ben\u00e9fico y social dirigidas a estos sectores. [\/vc_column_text][\/vc_column][\/vc_row][vc_row heading_color=\u00bblight\u00bb bg_type=\u00bbcolor\u00bb font_color=\u00bb#ffffff\u00bb padding_top=\u00bb100&#8243; bg_color=\u00bb#28282e\u00bb margin_bottom=\u00bb0&#8243; section_id=\u00bbanchor\u00bb padding_bottom=\u00bb70&#8243;][vc_column width=\u00bb1\/6&#8243;][\/vc_column][vc_column width=\u00bb2\/3&#8243;][\/vc_column][vc_column width=\u00bb1\/6&#8243;][\/vc_column][\/vc_row][vc_row [&hellip;]\" \/>\n<meta property=\"og:url\" content=\"https:\/\/fundaciocmjgodo.cat\/es\/mision\/\" \/>\n<meta property=\"og:site_name\" content=\"Fundaci\u00f3 CMJ God\u00f3\" \/>\n<meta property=\"article:modified_time\" content=\"2019-05-10T07:57:06+00:00\" \/>\n<meta name=\"twitter:card\" content=\"summary_large_image\" \/>\n<meta name=\"twitter:label1\" content=\"Tiempo de lectura\" \/>\n\t<meta name=\"twitter:data1\" content=\"2 minutos\" \/>\n<script type=\"application\/ld+json\" class=\"yoast-schema-graph\">{\"@context\":\"https:\\\/\\\/schema.org\",\"@graph\":[{\"@type\":\"WebPage\",\"@id\":\"https:\\\/\\\/fundaciocmjgodo.cat\\\/es\\\/mision\\\/\",\"url\":\"https:\\\/\\\/fundaciocmjgodo.cat\\\/es\\\/mision\\\/\",\"name\":\"Misi\u00f3n - Fundaci\u00f3 CMJ God\u00f3\",\"isPartOf\":{\"@id\":\"https:\\\/\\\/fundaciocmjgodo.cat\\\/#website\"},\"datePublished\":\"2017-01-19T10:48:11+00:00\",\"dateModified\":\"2019-05-10T07:57:06+00:00\",\"breadcrumb\":{\"@id\":\"https:\\\/\\\/fundaciocmjgodo.cat\\\/es\\\/mision\\\/#breadcrumb\"},\"inLanguage\":\"es\",\"potentialAction\":[{\"@type\":\"ReadAction\",\"target\":[\"https:\\\/\\\/fundaciocmjgodo.cat\\\/es\\\/mision\\\/\"]}]},{\"@type\":\"BreadcrumbList\",\"@id\":\"https:\\\/\\\/fundaciocmjgodo.cat\\\/es\\\/mision\\\/#breadcrumb\",\"itemListElement\":[{\"@type\":\"ListItem\",\"position\":1,\"name\":\"Inici\",\"item\":\"https:\\\/\\\/fundaciocmjgodo.cat\\\/es\\\/inici\\\/\"},{\"@type\":\"ListItem\",\"position\":2,\"name\":\"Misi\u00f3n\"}]},{\"@type\":\"WebSite\",\"@id\":\"https:\\\/\\\/fundaciocmjgodo.cat\\\/#website\",\"url\":\"https:\\\/\\\/fundaciocmjgodo.cat\\\/\",\"name\":\"Fundaci\u00f3 CMJ God\u00f3\",\"description\":\"\",\"publisher\":{\"@id\":\"https:\\\/\\\/fundaciocmjgodo.cat\\\/#organization\"},\"potentialAction\":[{\"@type\":\"SearchAction\",\"target\":{\"@type\":\"EntryPoint\",\"urlTemplate\":\"https:\\\/\\\/fundaciocmjgodo.cat\\\/?s={search_term_string}\"},\"query-input\":{\"@type\":\"PropertyValueSpecification\",\"valueRequired\":true,\"valueName\":\"search_term_string\"}}],\"inLanguage\":\"es\"},{\"@type\":\"Organization\",\"@id\":\"https:\\\/\\\/fundaciocmjgodo.cat\\\/#organization\",\"name\":\"Fundaci\u00f3 CMJ God\u00f3\",\"url\":\"https:\\\/\\\/fundaciocmjgodo.cat\\\/\",\"logo\":{\"@type\":\"ImageObject\",\"inLanguage\":\"es\",\"@id\":\"https:\\\/\\\/fundaciocmjgodo.cat\\\/#\\\/schema\\\/logo\\\/image\\\/\",\"url\":\"https:\\\/\\\/fundaciocmjgodo.cat\\\/wp-content\\\/uploads\\\/Logo-RGB-web.jpg\",\"contentUrl\":\"https:\\\/\\\/fundaciocmjgodo.cat\\\/wp-content\\\/uploads\\\/Logo-RGB-web.jpg\",\"width\":2000,\"height\":2000,\"caption\":\"Fundaci\u00f3 CMJ God\u00f3\"},\"image\":{\"@id\":\"https:\\\/\\\/fundaciocmjgodo.cat\\\/#\\\/schema\\\/logo\\\/image\\\/\"}}]}<\/script>\n<!-- \/ Yoast SEO plugin. -->","yoast_head_json":{"title":"Misi\u00f3n - Fundaci\u00f3 CMJ God\u00f3","robots":{"index":"index","follow":"follow","max-snippet":"max-snippet:-1","max-image-preview":"max-image-preview:large","max-video-preview":"max-video-preview:-1"},"canonical":"https:\/\/fundaciocmjgodo.cat\/es\/mision\/","og_locale":"es_ES","og_type":"article","og_title":"Misi\u00f3n - Fundaci\u00f3 CMJ God\u00f3","og_description":"[vc_row padding_top=\u00bb90px\u00bb padding_bottom=\u00bb90px\u00bb][vc_column][vc_column_text text_style=\u00bbleader-text\u00bb] La Fundaci\u00f3n CMJ God\u00f3 es una entidad sin \u00e1nimo de lucro que vela por los\u00a0grupos de ni\u00f1os, j\u00f3venes y gente mayor marginados o en riesgo de exclusi\u00f3n social realizando actividades de caracteres ben\u00e9fico y social dirigidas a estos sectores. [\/vc_column_text][\/vc_column][\/vc_row][vc_row heading_color=\u00bblight\u00bb bg_type=\u00bbcolor\u00bb font_color=\u00bb#ffffff\u00bb padding_top=\u00bb100&#8243; bg_color=\u00bb#28282e\u00bb margin_bottom=\u00bb0&#8243; section_id=\u00bbanchor\u00bb padding_bottom=\u00bb70&#8243;][vc_column width=\u00bb1\/6&#8243;][\/vc_column][vc_column width=\u00bb2\/3&#8243;][\/vc_column][vc_column width=\u00bb1\/6&#8243;][\/vc_column][\/vc_row][vc_row [&hellip;]","og_url":"https:\/\/fundaciocmjgodo.cat\/es\/mision\/","og_site_name":"Fundaci\u00f3 CMJ God\u00f3","article_modified_time":"2019-05-10T07:57:06+00:00","twitter_card":"summary_large_image","twitter_misc":{"Tiempo de lectura":"2 minutos"},"schema":{"@context":"https:\/\/schema.org","@graph":[{"@type":"WebPage","@id":"https:\/\/fundaciocmjgodo.cat\/es\/mision\/","url":"https:\/\/fundaciocmjgodo.cat\/es\/mision\/","name":"Misi\u00f3n - Fundaci\u00f3 CMJ God\u00f3","isPartOf":{"@id":"https:\/\/fundaciocmjgodo.cat\/#website"},"datePublished":"2017-01-19T10:48:11+00:00","dateModified":"2019-05-10T07:57:06+00:00","breadcrumb":{"@id":"https:\/\/fundaciocmjgodo.cat\/es\/mision\/#breadcrumb"},"inLanguage":"es","potentialAction":[{"@type":"ReadAction","target":["https:\/\/fundaciocmjgodo.cat\/es\/mision\/"]}]},{"@type":"BreadcrumbList","@id":"https:\/\/fundaciocmjgodo.cat\/es\/mision\/#breadcrumb","itemListElement":[{"@type":"ListItem","position":1,"name":"Inici","item":"https:\/\/fundaciocmjgodo.cat\/es\/inici\/"},{"@type":"ListItem","position":2,"name":"Misi\u00f3n"}]},{"@type":"WebSite","@id":"https:\/\/fundaciocmjgodo.cat\/#website","url":"https:\/\/fundaciocmjgodo.cat\/","name":"Fundaci\u00f3 CMJ God\u00f3","description":"","publisher":{"@id":"https:\/\/fundaciocmjgodo.cat\/#organization"},"potentialAction":[{"@type":"SearchAction","target":{"@type":"EntryPoint","urlTemplate":"https:\/\/fundaciocmjgodo.cat\/?s={search_term_string}"},"query-input":{"@type":"PropertyValueSpecification","valueRequired":true,"valueName":"search_term_string"}}],"inLanguage":"es"},{"@type":"Organization","@id":"https:\/\/fundaciocmjgodo.cat\/#organization","name":"Fundaci\u00f3 CMJ God\u00f3","url":"https:\/\/fundaciocmjgodo.cat\/","logo":{"@type":"ImageObject","inLanguage":"es","@id":"https:\/\/fundaciocmjgodo.cat\/#\/schema\/logo\/image\/","url":"https:\/\/fundaciocmjgodo.cat\/wp-content\/uploads\/Logo-RGB-web.jpg","contentUrl":"https:\/\/fundaciocmjgodo.cat\/wp-content\/uploads\/Logo-RGB-web.jpg","width":2000,"height":2000,"caption":"Fundaci\u00f3 CMJ God\u00f3"},"image":{"@id":"https:\/\/fundaciocmjgodo.cat\/#\/schema\/logo\/image\/"}}]}},"_links":{"self":[{"href":"https:\/\/fundaciocmjgodo.cat\/es\/wp-json\/wp\/v2\/pages\/4893","targetHints":{"allow":["GET"]}}],"collection":[{"href":"https:\/\/fundaciocmjgodo.cat\/es\/wp-json\/wp\/v2\/pages"}],"about":[{"href":"https:\/\/fundaciocmjgodo.cat\/es\/wp-json\/wp\/v2\/types\/page"}],"author":[{"embeddable":true,"href":"https:\/\/fundaciocmjgodo.cat\/es\/wp-json\/wp\/v2\/users\/3"}],"replies":[{"embeddable":true,"href":"https:\/\/fundaciocmjgodo.cat\/es\/wp-json\/wp\/v2\/comments?post=4893"}],"version-history":[{"count":6,"href":"https:\/\/fundaciocmjgodo.cat\/es\/wp-json\/wp\/v2\/pages\/4893\/revisions"}],"predecessor-version":[{"id":5399,"href":"https:\/\/fundaciocmjgodo.cat\/es\/wp-json\/wp\/v2\/pages\/4893\/revisions\/5399"}],"wp:attachment":[{"href":"https:\/\/fundaciocmjgodo.cat\/es\/wp-json\/wp\/v2\/media?parent=4893"}],"curies":[{"name":"wp","href":"https:\/\/api.w.org\/{rel}","templated":true}]}}